{"id":22,"date":"2023-09-23T08:46:01","date_gmt":"2023-09-23T08:46:01","guid":{"rendered":"http:\/\/www.foto-lindner.de\/?page_id=22"},"modified":"2023-11-20T11:41:30","modified_gmt":"2023-11-20T11:41:30","slug":"referenzen","status":"publish","type":"page","link":"https:\/\/www.foto-lindner.de\/?page_id=22","title":{"rendered":"Referenzen"},"content":{"rendered":"\n<div class=\"wp-block-media-text alignwide has-media-on-the-right is-stacked-on-mobile has-background has-normal-font-size\" style=\"background-color:#dcdcdc\"><div class=\"wp-block-media-text__content\">\n<div class=\"wp-block-group\"><div class=\"wp-block-group__inner-container is-layout-constrained wp-block-group-is-layout-constrained\">\n<p><strong>EishockeyNews<\/strong><br>In Sachen Oberliga- und Bayernliga Bildmaterial besteht eine enge Zusammenarbeit mit EishockeyNews.<\/p>\n\n\n\n<p><a href=\"https:\/\/www.eishockeynews.de\" target=\"_blank\" rel=\"noreferrer noopener\">www.eishockeynews.de<\/a><\/p>\n<\/div><\/div>\n<\/div><figure class=\"wp-block-media-text__media\"><img loading=\"lazy\" decoding=\"async\" width=\"994\" height=\"1024\" src=\"http:\/\/www.foto-lindner.de\/wp-content\/uploads\/2023\/09\/Bildschirmfoto-2023-09-23-um-10.01.00-994x1024.png\" alt=\"\" class=\"wp-image-24 size-full\" srcset=\"https:\/\/www.foto-lindner.de\/wp-content\/uploads\/2023\/09\/Bildschirmfoto-2023-09-23-um-10.01.00-994x1024.png 994w, https:\/\/www.foto-lindner.de\/wp-content\/uploads\/2023\/09\/Bildschirmfoto-2023-09-23-um-10.01.00-291x300.png 291w, https:\/\/www.foto-lindner.de\/wp-content\/uploads\/2023\/09\/Bildschirmfoto-2023-09-23-um-10.01.00-768x791.png 768w, https:\/\/www.foto-lindner.de\/wp-content\/uploads\/2023\/09\/Bildschirmfoto-2023-09-23-um-10.01.00-1240x1277.png 1240w, https:\/\/www.foto-lindner.de\/wp-content\/uploads\/2023\/09\/Bildschirmfoto-2023-09-23-um-10.01.00-508x523.png 508w, https:\/\/www.foto-lindner.de\/wp-content\/uploads\/2023\/09\/Bildschirmfoto-2023-09-23-um-10.01.00.png 1326w\" sizes=\"auto, (max-width: 994px) 100vw, 994px\" \/><\/figure><\/div>\n\n\n\n<div class=\"wp-block-media-text alignwide is-stacked-on-mobile\"><figure class=\"wp-block-media-text__media\"><img loading=\"lazy\" decoding=\"async\" width=\"1024\" height=\"886\" src=\"http:\/\/www.foto-lindner.de\/wp-content\/uploads\/2023\/09\/Bildschirmfoto-2023-09-23-um-10.40.50-1024x886.png\" alt=\"\" class=\"wp-image-25 size-full\" srcset=\"https:\/\/www.foto-lindner.de\/wp-content\/uploads\/2023\/09\/Bildschirmfoto-2023-09-23-um-10.40.50-1024x886.png 1024w, https:\/\/www.foto-lindner.de\/wp-content\/uploads\/2023\/09\/Bildschirmfoto-2023-09-23-um-10.40.50-300x260.png 300w, https:\/\/www.foto-lindner.de\/wp-content\/uploads\/2023\/09\/Bildschirmfoto-2023-09-23-um-10.40.50-768x665.png 768w, https:\/\/www.foto-lindner.de\/wp-content\/uploads\/2023\/09\/Bildschirmfoto-2023-09-23-um-10.40.50-1536x1329.png 1536w, https:\/\/www.foto-lindner.de\/wp-content\/uploads\/2023\/09\/Bildschirmfoto-2023-09-23-um-10.40.50-1240x1073.png 1240w, https:\/\/www.foto-lindner.de\/wp-content\/uploads\/2023\/09\/Bildschirmfoto-2023-09-23-um-10.40.50-508x440.png 508w, https:\/\/www.foto-lindner.de\/wp-content\/uploads\/2023\/09\/Bildschirmfoto-2023-09-23-um-10.40.50.png 1814w\" sizes=\"auto, (max-width: 1024px) 100vw, 1024px\" \/><\/figure><div class=\"wp-block-media-text__content\">\n<p><strong>TSV Pei\u00dfenberg Miners<\/strong><br>Regelm\u00e4\u00dfig erscheint Bildmaterial auf der Miners Homepage.<\/p>\n<\/div><\/div>\n\n\n\n<div class=\"wp-block-media-text alignwide has-media-on-the-right is-stacked-on-mobile has-background has-normal-font-size\" style=\"background-color:#dcdcdc\"><div class=\"wp-block-media-text__content\">\n<div class=\"wp-block-group\"><div class=\"wp-block-group__inner-container is-layout-constrained wp-block-group-is-layout-constrained\">\n<p><strong>Merkur<\/strong><br>Die Tageszeitung im Umfeld von M\u00fcnchen.<\/p>\n\n\n\n<p>z.B.<\/p>\n\n\n\n<p><a href=\"https:\/\/www.merkur.de\/sport\/eishockey\/ec-peiting\/oberliga-ec-peiting-kassiert-gurkentor-in-heilbronn-92681790.html\">https:\/\/www.merkur.de\/sport\/eishockey\/ec-peiting\/oberliga-ec-peiting-kassiert-gurkentor-in-heilbronn-92681790.html<\/a><\/p>\n<\/div><\/div>\n<\/div><figure class=\"wp-block-media-text__media\"><img loading=\"lazy\" decoding=\"async\" width=\"1024\" height=\"640\" src=\"http:\/\/www.foto-lindner.de\/wp-content\/uploads\/2023\/10\/cropped-C1DX6565-1024x640.jpg\" alt=\"\" class=\"wp-image-75 size-full\" srcset=\"https:\/\/www.foto-lindner.de\/wp-content\/uploads\/2023\/10\/cropped-C1DX6565-1024x640.jpg 1024w, https:\/\/www.foto-lindner.de\/wp-content\/uploads\/2023\/10\/cropped-C1DX6565-300x188.jpg 300w, https:\/\/www.foto-lindner.de\/wp-content\/uploads\/2023\/10\/cropped-C1DX6565-768x480.jpg 768w, https:\/\/www.foto-lindner.de\/wp-content\/uploads\/2023\/10\/cropped-C1DX6565-1240x775.jpg 1240w, https:\/\/www.foto-lindner.de\/wp-content\/uploads\/2023\/10\/cropped-C1DX6565-508x318.jpg 508w, https:\/\/www.foto-lindner.de\/wp-content\/uploads\/2023\/10\/cropped-C1DX6565.jpg 1440w\" sizes=\"auto, (max-width: 1024px) 100vw, 1024px\" \/><\/figure><\/div>\n\n\n\n<ul class=\"wp-block-list\">\n<li>Merkur 19.11.23<br>Peiting und Deggendorf liefern sich ein irres Spiel<br><a href=\"https:\/\/www.merkur.de\/sport\/eishockey\/ec-peiting\/eishockey-peiting-und-deggendorf-liefern-sich-irre-partie-92683820.html\" target=\"_blank\" rel=\"noreferrer noopener\">https:\/\/www.merkur.de\/sport\/eishockey\/ec-peiting\/eishockey-peiting-und-deggendorf-liefern-sich-irre-partie-92683820.html<\/a><\/li>\n<\/ul>\n","protected":false},"excerpt":{"rendered":"<p>TSV Pei\u00dfenberg MinersRegelm\u00e4\u00dfig erscheint Bildmaterial auf der Miners Homepage.<\/p>\n","protected":false},"author":1,"featured_media":0,"parent":0,"menu_order":0,"comment_status":"closed","ping_status":"closed","template":"","meta":{"footnotes":""},"class_list":["post-22","page","type-page","status-publish","hentry"],"yoast_head":"<!-- This site is optimized with the Yoast SEO plugin v21.3 - https:\/\/yoast.com\/wordpress\/plugins\/seo\/ -->\n<title>Referenzen - Foto Lindner<\/title>\n<meta name=\"robots\" content=\"index, follow, max-snippet:-1, max-image-preview:large, max-video-preview:-1\" \/>\n<link rel=\"canonical\" href=\"https:\/\/www.foto-lindner.de\/?page_id=22\" \/>\n<meta property=\"og:locale\" content=\"de_DE\" \/>\n<meta property=\"og:type\" content=\"article\" \/>\n<meta property=\"og:title\" content=\"Referenzen - Foto Lindner\" \/>\n<meta property=\"og:description\" content=\"TSV Pei\u00dfenberg MinersRegelm\u00e4\u00dfig erscheint Bildmaterial auf der Miners Homepage.\" \/>\n<meta property=\"og:url\" content=\"https:\/\/www.foto-lindner.de\/?page_id=22\" \/>\n<meta property=\"og:site_name\" content=\"Foto Lindner\" \/>\n<meta property=\"article:publisher\" content=\"https:\/\/www.facebook.com\/profile.php?id=100086775364377\" \/>\n<meta property=\"article:modified_time\" content=\"2023-11-20T11:41:30+00:00\" \/>\n<meta property=\"og:image\" content=\"http:\/\/www.foto-lindner.de\/wp-content\/uploads\/2023\/09\/Bildschirmfoto-2023-09-23-um-10.01.00-994x1024.png\" \/>\n<meta name=\"twitter:card\" content=\"summary_large_image\" \/>\n<meta name=\"twitter:label1\" content=\"Gesch\u00e4tzte Lesezeit\" \/>\n\t<meta name=\"twitter:data1\" content=\"1\u00a0Minute\" \/>\n<script type=\"application\/ld+json\" class=\"yoast-schema-graph\">{\"@context\":\"https:\/\/schema.org\",\"@graph\":[{\"@type\":\"WebPage\",\"@id\":\"https:\/\/www.foto-lindner.de\/?page_id=22\",\"url\":\"https:\/\/www.foto-lindner.de\/?page_id=22\",\"name\":\"Referenzen - Foto Lindner\",\"isPartOf\":{\"@id\":\"https:\/\/www.foto-lindner.de\/#website\"},\"datePublished\":\"2023-09-23T08:46:01+00:00\",\"dateModified\":\"2023-11-20T11:41:30+00:00\",\"breadcrumb\":{\"@id\":\"https:\/\/www.foto-lindner.de\/?page_id=22#breadcrumb\"},\"inLanguage\":\"de\",\"potentialAction\":[{\"@type\":\"ReadAction\",\"target\":[\"https:\/\/www.foto-lindner.de\/?page_id=22\"]}]},{\"@type\":\"BreadcrumbList\",\"@id\":\"https:\/\/www.foto-lindner.de\/?page_id=22#breadcrumb\",\"itemListElement\":[{\"@type\":\"ListItem\",\"position\":1,\"name\":\"Startseite\",\"item\":\"https:\/\/www.foto-lindner.de\/\"},{\"@type\":\"ListItem\",\"position\":2,\"name\":\"Referenzen\"}]},{\"@type\":\"WebSite\",\"@id\":\"https:\/\/www.foto-lindner.de\/#website\",\"url\":\"https:\/\/www.foto-lindner.de\/\",\"name\":\"Foto Lindner\",\"description\":\"Fotojournalist Wolfgang Lindner\",\"publisher\":{\"@id\":\"https:\/\/www.foto-lindner.de\/#organization\"},\"potentialAction\":[{\"@type\":\"SearchAction\",\"target\":{\"@type\":\"EntryPoint\",\"urlTemplate\":\"https:\/\/www.foto-lindner.de\/?s={search_term_string}\"},\"query-input\":\"required name=search_term_string\"}],\"inLanguage\":\"de\"},{\"@type\":\"Organization\",\"@id\":\"https:\/\/www.foto-lindner.de\/#organization\",\"name\":\"Foto Lindner\",\"url\":\"https:\/\/www.foto-lindner.de\/\",\"logo\":{\"@type\":\"ImageObject\",\"inLanguage\":\"de\",\"@id\":\"https:\/\/www.foto-lindner.de\/#\/schema\/logo\/image\/\",\"url\":\"https:\/\/www.foto-lindner.de\/wp-content\/uploads\/2023\/10\/Logo_2023_Schatten.png\",\"contentUrl\":\"https:\/\/www.foto-lindner.de\/wp-content\/uploads\/2023\/10\/Logo_2023_Schatten.png\",\"width\":500,\"height\":200,\"caption\":\"Foto Lindner\"},\"image\":{\"@id\":\"https:\/\/www.foto-lindner.de\/#\/schema\/logo\/image\/\"},\"sameAs\":[\"https:\/\/www.facebook.com\/profile.php?id=100086775364377\"]}]}<\/script>\n<!-- \/ Yoast SEO plugin. -->","yoast_head_json":{"title":"Referenzen - Foto Lindner","robots":{"index":"index","follow":"follow","max-snippet":"max-snippet:-1","max-image-preview":"max-image-preview:large","max-video-preview":"max-video-preview:-1"},"canonical":"https:\/\/www.foto-lindner.de\/?page_id=22","og_locale":"de_DE","og_type":"article","og_title":"Referenzen - Foto Lindner","og_description":"TSV Pei\u00dfenberg MinersRegelm\u00e4\u00dfig erscheint Bildmaterial auf der Miners Homepage.","og_url":"https:\/\/www.foto-lindner.de\/?page_id=22","og_site_name":"Foto Lindner","article_publisher":"https:\/\/www.facebook.com\/profile.php?id=100086775364377","article_modified_time":"2023-11-20T11:41:30+00:00","og_image":[{"url":"http:\/\/www.foto-lindner.de\/wp-content\/uploads\/2023\/09\/Bildschirmfoto-2023-09-23-um-10.01.00-994x1024.png"}],"twitter_card":"summary_large_image","twitter_misc":{"Gesch\u00e4tzte Lesezeit":"1\u00a0Minute"},"schema":{"@context":"https:\/\/schema.org","@graph":[{"@type":"WebPage","@id":"https:\/\/www.foto-lindner.de\/?page_id=22","url":"https:\/\/www.foto-lindner.de\/?page_id=22","name":"Referenzen - Foto Lindner","isPartOf":{"@id":"https:\/\/www.foto-lindner.de\/#website"},"datePublished":"2023-09-23T08:46:01+00:00","dateModified":"2023-11-20T11:41:30+00:00","breadcrumb":{"@id":"https:\/\/www.foto-lindner.de\/?page_id=22#breadcrumb"},"inLanguage":"de","potentialAction":[{"@type":"ReadAction","target":["https:\/\/www.foto-lindner.de\/?page_id=22"]}]},{"@type":"BreadcrumbList","@id":"https:\/\/www.foto-lindner.de\/?page_id=22#breadcrumb","itemListElement":[{"@type":"ListItem","position":1,"name":"Startseite","item":"https:\/\/www.foto-lindner.de\/"},{"@type":"ListItem","position":2,"name":"Referenzen"}]},{"@type":"WebSite","@id":"https:\/\/www.foto-lindner.de\/#website","url":"https:\/\/www.foto-lindner.de\/","name":"Foto Lindner","description":"Fotojournalist Wolfgang Lindner","publisher":{"@id":"https:\/\/www.foto-lindner.de\/#organization"},"potentialAction":[{"@type":"SearchAction","target":{"@type":"EntryPoint","urlTemplate":"https:\/\/www.foto-lindner.de\/?s={search_term_string}"},"query-input":"required name=search_term_string"}],"inLanguage":"de"},{"@type":"Organization","@id":"https:\/\/www.foto-lindner.de\/#organization","name":"Foto Lindner","url":"https:\/\/www.foto-lindner.de\/","logo":{"@type":"ImageObject","inLanguage":"de","@id":"https:\/\/www.foto-lindner.de\/#\/schema\/logo\/image\/","url":"https:\/\/www.foto-lindner.de\/wp-content\/uploads\/2023\/10\/Logo_2023_Schatten.png","contentUrl":"https:\/\/www.foto-lindner.de\/wp-content\/uploads\/2023\/10\/Logo_2023_Schatten.png","width":500,"height":200,"caption":"Foto Lindner"},"image":{"@id":"https:\/\/www.foto-lindner.de\/#\/schema\/logo\/image\/"},"sameAs":["https:\/\/www.facebook.com\/profile.php?id=100086775364377"]}]}},"_links":{"self":[{"href":"https:\/\/www.foto-lindner.de\/index.php?rest_route=\/wp\/v2\/pages\/22","targetHints":{"allow":["GET"]}}],"collection":[{"href":"https:\/\/www.foto-lindner.de\/index.php?rest_route=\/wp\/v2\/pages"}],"about":[{"href":"https:\/\/www.foto-lindner.de\/index.php?rest_route=\/wp\/v2\/types\/page"}],"author":[{"embeddable":true,"href":"https:\/\/www.foto-lindner.de\/index.php?rest_route=\/wp\/v2\/users\/1"}],"replies":[{"embeddable":true,"href":"https:\/\/www.foto-lindner.de\/index.php?rest_route=%2Fwp%2Fv2%2Fcomments&post=22"}],"version-history":[{"count":16,"href":"https:\/\/www.foto-lindner.de\/index.php?rest_route=\/wp\/v2\/pages\/22\/revisions"}],"predecessor-version":[{"id":139,"href":"https:\/\/www.foto-lindner.de\/index.php?rest_route=\/wp\/v2\/pages\/22\/revisions\/139"}],"wp:attachment":[{"href":"https:\/\/www.foto-lindner.de\/index.php?rest_route=%2Fwp%2Fv2%2Fmedia&parent=22"}],"curies":[{"name":"wp","href":"https:\/\/api.w.org\/{rel}","templated":true}]}}